{"id":253,"date":"2016-09-29T08:48:40","date_gmt":"2016-09-29T08:48:40","guid":{"rendered":"http:\/\/www.bedriva.se\/?page_id=253"},"modified":"2016-09-29T09:22:35","modified_gmt":"2016-09-29T09:22:35","slug":"arrangor","status":"publish","type":"page","link":"https:\/\/bedriva.se\/en\/networkify\/arrangor\/","title":{"rendered":"Networkify"},"content":{"rendered":"<p><span style=\"font-weight: 400;\">Networkify is an app and web platform to manage your event from a visitor perspective. You can administer all the information about the event that your visitors need, write news, send out notices and manage users. Visitors&#039; engagement increases through a social flow where you as an organizer can also contribute with polls or status updates.<\/span><\/p>\n<h2><span style=\"font-weight: 400;\">Main functions<\/span><\/h2>\n<p><span style=\"font-weight: 400;\">The following features are Networkify:<\/span><\/p>\n<ul>\n<li style=\"font-weight: 400;\"><span style=\"font-weight: 400;\">Simple administration of all information and visitors<\/span><\/li>\n<li style=\"font-weight: 400;\"><span style=\"font-weight: 400;\">Scheduling news and push notifications<\/span><\/li>\n<li style=\"font-weight: 400;\"><span style=\"font-weight: 400;\">Statistics<\/span><\/li>\n<li style=\"font-weight: 400;\"><span style=\"font-weight: 400;\">Location and time information, structured information in several levels<\/span><\/li>\n<li style=\"font-weight: 400;\"><span style=\"font-weight: 400;\">Social wall with hashtags, likes, comments<\/span><\/li>\n<li style=\"font-weight: 400;\"><span style=\"font-weight: 400;\">News from you as an organizer<\/span><\/li>\n<li style=\"font-weight: 400;\"><span style=\"font-weight: 400;\">Opinion polls and polls<\/span><\/li>\n<li style=\"font-weight: 400;\"><span style=\"font-weight: 400;\">Schedule of events during the event, which the visitor can mark for reminders<\/span><\/li>\n<li style=\"font-weight: 400;\"><span style=\"font-weight: 400;\">Push notifications with important information<\/span><\/li>\n<li style=\"font-weight: 400;\"><span style=\"font-weight: 400;\">Contact sharing<\/span><\/li>\n<li style=\"font-weight: 400;\"><span style=\"font-weight: 400;\">Private messages<\/span><\/li>\n<\/ul>\n<h2><span style=\"font-weight: 400;\">Two variants<\/span><\/h2>\n<p><span style=\"font-weight: 400;\">There are two variants of Networkify.<\/span><\/p>\n<ol>\n<li style=\"font-weight: 400;\"><span style=\"font-weight: 400;\">Let your visitors use the Networkify app and list your event among others.<\/span>\n<ul>\n<li style=\"font-weight: 400;\"><span style=\"font-weight: 400;\">Benefit: One account and one app for the visitor, even if they attend more events that use Networkify<\/span><\/li>\n<li style=\"font-weight: 400;\"><span style=\"font-weight: 400;\">Advantage: Cost-effective<\/span><\/li>\n<li style=\"font-weight: 400;\"><span style=\"font-weight: 400;\">Cons: The icon on the phone is called Networkify<\/span><\/li>\n<\/ul>\n<\/li>\n<li style=\"font-weight: 400;\"><span style=\"font-weight: 400;\">Specially develop an app for your event based on the Networkify platform<\/span>\n<ul>\n<li style=\"font-weight: 400;\"><span style=\"font-weight: 400;\">Benefit: An easy shortcut into your organization&#039;s events through an app icon with your logo<\/span><\/li>\n<li style=\"font-weight: 400;\"><span style=\"font-weight: 400;\">Disadvantage: Less cost-effective<\/span><\/li>\n<li style=\"font-weight: 400;\"><span style=\"font-weight: 400;\">Disadvantage: Multiple accounts for the visitor if they visit events not organized by you<\/span><\/li>\n<\/ul>\n<\/li>\n<\/ol>\n<h2><span style=\"font-weight: 400;\">Cost<\/span><\/h2>\n<p><span style=\"font-weight: 400;\">Through March 2016, organizers are being offered access to Networkify at a fraction of the regular price to celebrate Networkify 2.0.<\/span><\/p>\n<p><span style=\"font-weight: 400;\">Usually the price is calculated according to the number of event days and estimated number of users.<\/span><\/p>\n<h2><span style=\"font-weight: 400;\">Platforms<\/span><\/h2>\n<p><span style=\"font-weight: 400;\">Networkify is available for iOS (iPhone and iPad), Android (phones and tablets) and in a web version. A Windows Phone version will be added if there is interest.<\/span><\/p>","protected":false},"excerpt":{"rendered":"<p>Networkify \u00e4r en app- och webbplattform f\u00f6r att hantera ditt evenemang ur ett bes\u00f6karperspektiv. Du kan administrera all information om evenemanget som dina bes\u00f6kare beh\u00f6ver, skriva nyheter, skicka ut notiser och hantera anv\u00e4ndare. Bes\u00f6karnas engagemang \u00f6kar genom ett socialt fl\u00f6de d\u00e4r du som arrang\u00f6r ocks\u00e5 kan bidra med omr\u00f6stningar eller statusuppdateringar. Huvudfunktioner F\u00f6ljande funktioner \u00e4r [&hellip;]<\/p>\n","protected":false},"author":1,"featured_media":0,"parent":45,"menu_order":0,"comment_status":"closed","ping_status":"closed","template":"","meta":{"footnotes":""},"class_list":["post-253","page","type-page","status-publish","hentry"],"_links":{"self":[{"href":"https:\/\/bedriva.se\/en\/wp-json\/wp\/v2\/pages\/253","targetHints":{"allow":["GET"]}}],"collection":[{"href":"https:\/\/bedriva.se\/en\/wp-json\/wp\/v2\/pages"}],"about":[{"href":"https:\/\/bedriva.se\/en\/wp-json\/wp\/v2\/types\/page"}],"author":[{"embeddable":true,"href":"https:\/\/bedriva.se\/en\/wp-json\/wp\/v2\/users\/1"}],"replies":[{"embeddable":true,"href":"https:\/\/bedriva.se\/en\/wp-json\/wp\/v2\/comments?post=253"}],"version-history":[{"count":4,"href":"https:\/\/bedriva.se\/en\/wp-json\/wp\/v2\/pages\/253\/revisions"}],"predecessor-version":[{"id":260,"href":"https:\/\/bedriva.se\/en\/wp-json\/wp\/v2\/pages\/253\/revisions\/260"}],"up":[{"embeddable":true,"href":"https:\/\/bedriva.se\/en\/wp-json\/wp\/v2\/pages\/45"}],"wp:attachment":[{"href":"https:\/\/bedriva.se\/en\/wp-json\/wp\/v2\/media?parent=253"}],"curies":[{"name":"wp","href":"https:\/\/api.w.org\/{rel}","templated":true}]}}