{"id":255,"date":"2016-09-29T08:49:26","date_gmt":"2016-09-29T08:49:26","guid":{"rendered":"http:\/\/www.bedriva.se\/?page_id=255"},"modified":"2016-09-29T08:51:48","modified_gmt":"2016-09-29T08:51:48","slug":"besokare","status":"publish","type":"page","link":"https:\/\/bedriva.se\/en\/networkify\/besokare\/","title":{"rendered":"Networkify"},"content":{"rendered":"<p><span style=\"font-weight: 400;\">Networkify is an event app for meeting new business contacts, but also for finding information about an event you&#039;re attending. In the app, you can see information about the event itself, be notified by the organizer about things that are happening and communicate with other visitors.<\/span><\/p>\n<h2><span style=\"font-weight: 400;\">Main functions<\/span><\/h2>\n<ul>\n<li style=\"font-weight: 400;\"><span style=\"font-weight: 400;\">Location and time information as well as structured information from the organizer<\/span><\/li>\n<li style=\"font-weight: 400;\"><span style=\"font-weight: 400;\">Social wall with hashtags, likes, comments<\/span><\/li>\n<li style=\"font-weight: 400;\"><span style=\"font-weight: 400;\">News from the organizer<\/span><\/li>\n<li style=\"font-weight: 400;\"><span style=\"font-weight: 400;\">Opinion polls and polls<\/span><\/li>\n<li style=\"font-weight: 400;\"><span style=\"font-weight: 400;\">Schedule of events during the event, which you can mark for reminders<\/span><\/li>\n<li style=\"font-weight: 400;\"><span style=\"font-weight: 400;\">Push notifications with important information<\/span><\/li>\n<li style=\"font-weight: 400;\"><span style=\"font-weight: 400;\">Contact sharing<\/span><\/li>\n<li style=\"font-weight: 400;\"><span style=\"font-weight: 400;\">Private messages with other visitors<\/span><\/li>\n<\/ul>","protected":false},"excerpt":{"rendered":"<p>Networkify \u00e4r en evenemangsapp f\u00f6r att m\u00f6ta nya aff\u00e4rskontakter, men ocks\u00e5 f\u00f6r att hitta information om ett evenemang som du \u00e4r p\u00e5. I appen kan du se information om sj\u00e4lva evenemanget, bli notifierad av arrang\u00f6ren om saker som h\u00e4nder och kommunicera med andra bes\u00f6kare. Huvudfunktioner Plats- och tidinformation samt strukturerad information fr\u00e5n arrang\u00f6ren Social v\u00e4gg [&hellip;]<\/p>\n","protected":false},"author":1,"featured_media":0,"parent":45,"menu_order":0,"comment_status":"closed","ping_status":"closed","template":"","meta":{"footnotes":""},"class_list":["post-255","page","type-page","status-publish","hentry"],"_links":{"self":[{"href":"https:\/\/bedriva.se\/en\/wp-json\/wp\/v2\/pages\/255","targetHints":{"allow":["GET"]}}],"collection":[{"href":"https:\/\/bedriva.se\/en\/wp-json\/wp\/v2\/pages"}],"about":[{"href":"https:\/\/bedriva.se\/en\/wp-json\/wp\/v2\/types\/page"}],"author":[{"embeddable":true,"href":"https:\/\/bedriva.se\/en\/wp-json\/wp\/v2\/users\/1"}],"replies":[{"embeddable":true,"href":"https:\/\/bedriva.se\/en\/wp-json\/wp\/v2\/comments?post=255"}],"version-history":[{"count":1,"href":"https:\/\/bedriva.se\/en\/wp-json\/wp\/v2\/pages\/255\/revisions"}],"predecessor-version":[{"id":256,"href":"https:\/\/bedriva.se\/en\/wp-json\/wp\/v2\/pages\/255\/revisions\/256"}],"up":[{"embeddable":true,"href":"https:\/\/bedriva.se\/en\/wp-json\/wp\/v2\/pages\/45"}],"wp:attachment":[{"href":"https:\/\/bedriva.se\/en\/wp-json\/wp\/v2\/media?parent=255"}],"curies":[{"name":"wp","href":"https:\/\/api.w.org\/{rel}","templated":true}]}}