{"id":45,"date":"2015-02-22T16:33:58","date_gmt":"2015-02-22T16:33:58","guid":{"rendered":"http:\/\/www.bedriva.se\/?page_id=45"},"modified":"2025-08-12T05:50:13","modified_gmt":"2025-08-12T05:50:13","slug":"networkify","status":"publish","type":"page","link":"https:\/\/bedriva.se\/en\/networkify\/","title":{"rendered":"Networkify"},"content":{"rendered":"<div style=\"clear: both;\"><img decoding=\"async\" class=\"size-thumbnail wp-image-99 alignright\" style=\"margin-top: 0; margin-left: 50px;\" src=\"http:\/\/www.bedriva.se\/wp-content\/uploads\/2015\/02\/2048-150x150.png\" alt=\"2048\" width=\"150\" height=\"150\" srcset=\"https:\/\/bedriva.se\/wp-content\/uploads\/2015\/02\/2048-150x150.png 150w, https:\/\/bedriva.se\/wp-content\/uploads\/2015\/02\/2048-300x300.png 300w, https:\/\/bedriva.se\/wp-content\/uploads\/2015\/02\/2048-1024x1024.png 1024w, https:\/\/bedriva.se\/wp-content\/uploads\/2015\/02\/2048.png 2048w\" sizes=\"(max-width: 150px) 100vw, 150px\" \/>Networkify was an event app for meeting new business contacts, but also for finding information about an event you are attending. In the app you could see information about the event itself, be notified by the organizer about things that are happening and communicate with other users. This is the app that, for example, the Chamber of Commerce&#039;s business trip to Bran\u00e4s in 2015 used.<\/div>\n<div style=\"clear: both;\"><\/div>\n<p><a href=\"https:\/\/play.google.com\/store\/apps\/details?id=com.bedriva.networkify\" target=\"_blank\" rel=\"noopener\"><img fetchpriority=\"high\" decoding=\"async\" class=\"alignleft wp-image-46 size-medium\" style=\"margin-top: 0;\" src=\"http:\/\/www.bedriva.se\/wp-content\/uploads\/2015\/02\/Markering_007_nexus4_portrait-300x300.png\" alt=\"Networkify Nexus 4\" width=\"300\" height=\"300\" srcset=\"https:\/\/bedriva.se\/wp-content\/uploads\/2015\/02\/Markering_007_nexus4_portrait-300x300.png 300w, https:\/\/bedriva.se\/wp-content\/uploads\/2015\/02\/Markering_007_nexus4_portrait-150x150.png 150w, https:\/\/bedriva.se\/wp-content\/uploads\/2015\/02\/Markering_007_nexus4_portrait-1024x1024.png 1024w, https:\/\/bedriva.se\/wp-content\/uploads\/2015\/02\/Markering_007_nexus4_portrait.png 2000w\" sizes=\"(max-width: 300px) 100vw, 300px\" \/><\/a> <a href=\"https:\/\/itunes.apple.com\/se\/app\/networkify\/id971115963\" target=\"_blank\" rel=\"noopener\"><img decoding=\"async\" class=\"alignleft wp-image-47 size-medium\" style=\"margin-top: 0;\" src=\"http:\/\/www.bedriva.se\/wp-content\/uploads\/2015\/02\/Markering_008_iphone6_silver_portrait-300x300.png\" alt=\"Networkify iPhone 6\" width=\"300\" height=\"300\" srcset=\"https:\/\/bedriva.se\/wp-content\/uploads\/2015\/02\/Markering_008_iphone6_silver_portrait-300x300.png 300w, https:\/\/bedriva.se\/wp-content\/uploads\/2015\/02\/Markering_008_iphone6_silver_portrait-150x150.png 150w, https:\/\/bedriva.se\/wp-content\/uploads\/2015\/02\/Markering_008_iphone6_silver_portrait-1024x1024.png 1024w, https:\/\/bedriva.se\/wp-content\/uploads\/2015\/02\/Markering_008_iphone6_silver_portrait.png 2000w\" sizes=\"(max-width: 300px) 100vw, 300px\" \/><\/a><\/p>\n<div style=\"clear: both;\">The app was released to Google Play, the App Store and as a web version in early 2015.<\/div>\n<p>Read more:<\/p>\n<ul>\n<li>For <a href=\"https:\/\/bedriva.se\/en\/networkify\/arrangor\/\" target=\"_blank\" rel=\"noopener\">organizers<\/a><\/li>\n<li>For <a href=\"https:\/\/bedriva.se\/en\/networkify\/besokare\/\" target=\"_blank\" rel=\"noopener\">visitors<\/a><\/li>\n<li><a title=\"Networkify - help\" href=\"https:\/\/bedriva.se\/en\/networkify\/help\/\">Help<\/a> about Networkify.<\/li>\n<li><a title=\"Networkify News\" href=\"https:\/\/bedriva.se\/en\/category\/networkify\/\">News<\/a> about Networkify.<\/li>\n<li><a title=\"Networkify on Google Play\" href=\"https:\/\/play.google.com\/store\/apps\/details?id=com.bedriva.networkify\" target=\"_blank\" rel=\"noopener\">Google Play<\/a><\/li>\n<li><a title=\"Networkify on the App Store\" href=\"https:\/\/itunes.apple.com\/se\/app\/networkify\/id971115963\" target=\"_blank\" rel=\"noopener\">App Store<\/a><\/li>\n<li><a title=\"Networkify on the web\" href=\"http:\/\/web.networkify.se\" target=\"_blank\" rel=\"noopener\">Web version<\/a><\/li>\n<\/ul>","protected":false},"excerpt":{"rendered":"<p>Networkify var en evenemangsapp f\u00f6r att m\u00f6ta nya aff\u00e4rskontakter, men ocks\u00e5 f\u00f6r att hitta information om ett evenemang som du \u00e4r p\u00e5. I appen kunde man se information om sj\u00e4lva evenemanget, bli notifierad av arrang\u00f6ren om saker som h\u00e4nder samt kommunicera med andra anv\u00e4ndare. Detta \u00e4r appen som t.ex. Handelskammarens aff\u00e4rsresa till Bran\u00e4s 2015 anv\u00e4nde. [&hellip;]<\/p>\n","protected":false},"author":1,"featured_media":0,"parent":0,"menu_order":0,"comment_status":"closed","ping_status":"open","template":"","meta":{"footnotes":""},"class_list":["post-45","page","type-page","status-publish","hentry"],"_links":{"self":[{"href":"https:\/\/bedriva.se\/en\/wp-json\/wp\/v2\/pages\/45","targetHints":{"allow":["GET"]}}],"collection":[{"href":"https:\/\/bedriva.se\/en\/wp-json\/wp\/v2\/pages"}],"about":[{"href":"https:\/\/bedriva.se\/en\/wp-json\/wp\/v2\/types\/page"}],"author":[{"embeddable":true,"href":"https:\/\/bedriva.se\/en\/wp-json\/wp\/v2\/users\/1"}],"replies":[{"embeddable":true,"href":"https:\/\/bedriva.se\/en\/wp-json\/wp\/v2\/comments?post=45"}],"version-history":[{"count":13,"href":"https:\/\/bedriva.se\/en\/wp-json\/wp\/v2\/pages\/45\/revisions"}],"predecessor-version":[{"id":721,"href":"https:\/\/bedriva.se\/en\/wp-json\/wp\/v2\/pages\/45\/revisions\/721"}],"wp:attachment":[{"href":"https:\/\/bedriva.se\/en\/wp-json\/wp\/v2\/media?parent=45"}],"curies":[{"name":"wp","href":"https:\/\/api.w.org\/{rel}","templated":true}]}}